{"id":169,"date":"2023-04-28T16:18:16","date_gmt":"2023-04-28T16:18:16","guid":{"rendered":"https:\/\/yasuniamazonlodge.com\/?page_id=169"},"modified":"2023-08-08T01:22:35","modified_gmt":"2023-08-08T01:22:35","slug":"nuestra-comunidad","status":"publish","type":"page","link":"https:\/\/yasuniamazonlodge.com\/en_us\/nuestra-comunidad\/","title":{"rendered":"Responsible tourism"},"content":{"rendered":"<p>[et_pb_section fb_built=\u00bb1&#8243; fullwidth=\u00bbon\u00bb _builder_version=\u00bb4.20.4&#8243; _module_preset=\u00bbdefault\u00bb global_colors_info=\u00bb{}\u00bb][et_pb_fullwidth_image src=\u00bbhttps:\/\/yasuniamazonlodge.com\/wp-content\/uploads\/2023\/06\/DSC06481-scaled.jpg\u00bb title_text=\u00bbDSC06481&#8243; _builder_version=\u00bb4.20.4&#8243; _module_preset=\u00bbdefault\u00bb global_colors_info=\u00bb{}\u00bb][\/et_pb_fullwidth_image][\/et_pb_section][et_pb_section fb_built=\u00bb1&#8243; specialty=\u00bbon\u00bb _builder_version=\u00bb4.20.4&#8243; _module_preset=\u00bbdefault\u00bb custom_margin=\u00bb-4px|||||\u00bb custom_padding=\u00bb24px||95px|||\u00bb global_colors_info=\u00bb{}\u00bb][et_pb_column type=\u00bb1_2&#8243; _builder_version=\u00bb4.16&#8243; custom_padding=\u00bb|||\u00bb global_colors_info=\u00bb{}\u00bb custom_padding__hover=\u00bb|||\u00bb][et_pb_text _builder_version=\u00bb4.20.4&#8243; _module_preset=\u00bbdefault\u00bb global_colors_info=\u00bb{}\u00bb]<\/p>\n<h2><b>Comunidades Kichwas<\/b><\/h2>\n<p>[\/et_pb_text][et_pb_video src_webm=\u00bbhttps:\/\/yasuniamazonlodge.com\/wp-content\/uploads\/2023\/06\/turismo-comunitario.mp4&#8243; _builder_version=\u00bb4.20.4&#8243; _module_preset=\u00bbdefault\u00bb border_width_all=\u00bb2px\u00bb border_style_all=\u00bbnone\u00bb box_shadow_style=\u00bbpreset1&#8243; box_shadow_blur=\u00bb19px\u00bb box_shadow_color=\u00bbrgba(0,0,0,0.63)\u00bb global_colors_info=\u00bb{}\u00bb][\/et_pb_video][\/et_pb_column][et_pb_column type=\u00bb1_2&#8243; specialty_columns=\u00bb2&#8243; _builder_version=\u00bb4.16&#8243; custom_padding=\u00bb|||\u00bb global_colors_info=\u00bb{}\u00bb custom_padding__hover=\u00bb|||\u00bb][et_pb_row_inner _builder_version=\u00bb4.20.4&#8243; _module_preset=\u00bbdefault\u00bb custom_padding=\u00bb79px|||||\u00bb global_colors_info=\u00bb{}\u00bb][et_pb_column_inner saved_specialty_column_type=\u00bb1_2&#8243; _builder_version=\u00bb4.20.4&#8243; _module_preset=\u00bbdefault\u00bb global_colors_info=\u00bb{}\u00bb][et_pb_text _builder_version=\u00bb4.20.4&#8243; _module_preset=\u00bbdefault\u00bb global_colors_info=\u00bb{}\u00bb]<\/p>\n<p style=\"text-align: justify;\"><span style=\"font-weight: 400;\">Visitar las diferentes comunidades Kichwas, de la selva tropical en el Parque Nacional Yasun\u00ed, es una experiencia incre\u00edblemente enriquecedora para aquellos que desean sumergirse en la cultura ind\u00edgena ecuatoriana. Los miembros de las comunidades son muy acogedores y amables y est\u00e1n felices de compartir sus conocimientos y tradiciones con los visitantes. En las diferentes comunidades como: Pompeya, Indillama, Pilche, A\u00f1angu entre otras; se puede aprender sobre las tradiciones ancestrales, su medicina tradicional, sus artesan\u00edas y su agricultura sostenible, entre otras actividades. Los visitantes pueden disfrutar de caminatas en la selva, conocer la flora, fauna local y aprender a preparar platos t\u00edpicos de la regi\u00f3n. Es un momento que no se puede experimentar en ning\u00fan otro lugar. En definitiva, visitar las comunidades kichwas de las riberas del r\u00edo Napo es una oportunidad para conocer la cultura ancestral y descubrir los tesoros de la selva amaz\u00f3nica.<\/span><\/p>\n<p>[\/et_pb_text][\/et_pb_column_inner][\/et_pb_row_inner][\/et_pb_column][\/et_pb_section][et_pb_section fb_built=\u00bb1&#8243; disabled_on=\u00bboff|off|off\u00bb admin_label=\u00bbHeader Section\u00bb _builder_version=\u00bb4.20.4&#8243; use_background_color_gradient=\u00bbon\u00bb background_color_gradient_stops=\u00bbrgba(58,99,19,0.14) 1%|#001c00 99%\u00bb background_color_gradient_overlays_image=\u00bbon\u00bb background_color_gradient_start=\u00bbrgba(20,61,88,0.65)\u00bb background_color_gradient_end=\u00bb#143d58&#8243; background_image=\u00bbhttps:\/\/yasuniamazonlodge.com\/wp-content\/uploads\/2023\/06\/DSC06482-scaled.jpg\u00bb custom_margin=\u00bb|||\u00bb custom_padding=\u00bb6vw|0px|2vw|0px||\u00bb bottom_divider_style=\u00bbmountains2&#8243; bottom_divider_color=\u00bbrgba(5,41,66,0.3)\u00bb bottom_divider_height=\u00bb20vw\u00bb animation_style=\u00bbslide\u00bb animation_direction=\u00bbtop\u00bb animation_intensity_slide=\u00bb3%\u00bb animation_starting_opacity=\u00bb100%\u00bb global_colors_info=\u00bb{}\u00bb][et_pb_row disabled_on=\u00bboff|off|off\u00bb module_class=\u00bb et_pb_row_fullwidth\u00bb _builder_version=\u00bb4.16&#8243; width=\u00bb89%\u00bb width_tablet=\u00bb80%\u00bb width_phone=\u00bb80%\u00bb width_last_edited=\u00bbon|desktop\u00bb max_width=\u00bb89%\u00bb max_width_tablet=\u00bb80%\u00bb max_width_phone=\u00bb80%\u00bb max_width_last_edited=\u00bbon|desktop\u00bb custom_padding=\u00bb|||\u00bb make_fullwidth=\u00bbon\u00bb global_colors_info=\u00bb{}\u00bb][et_pb_column type=\u00bb4_4&#8243; _builder_version=\u00bb4.16&#8243; custom_padding=\u00bb|||\u00bb global_colors_info=\u00bb{}\u00bb custom_padding__hover=\u00bb|||\u00bb][et_pb_text disabled_on=\u00bboff|off|off\u00bb _builder_version=\u00bb4.20.4&#8243; header_font=\u00bbBaskervville|700|||||||\u00bb header_text_color=\u00bb#FFFFFF\u00bb header_font_size=\u00bb72px\u00bb header_line_height=\u00bb1.2em\u00bb header_2_text_color=\u00bb#005CC8&#8243; header_font_size_tablet=\u00bb40px\u00bb header_font_size_phone=\u00bb24px\u00bb header_font_size_last_edited=\u00bbon|desktop\u00bb global_colors_info=\u00bb{}\u00bb]<\/p>\n<h1 style=\"text-align: center;\">\u00c1reas y servicios de hotel<\/h1>\n<p style=\"text-align: center;\"><span style=\"color: #ffffff;\">CONOCE M\u00c1S SOBRE PIHA LODGE<br \/><\/span><\/p>\n<p>[\/et_pb_text][\/et_pb_column][\/et_pb_row][\/et_pb_section][et_pb_section fb_built=\u00bb1&#8243; _builder_version=\u00bb4.20.4&#8243; _module_preset=\u00bbdefault\u00bb custom_padding=\u00bb0px||0px|||\u00bb global_colors_info=\u00bb{}\u00bb][et_pb_row column_structure=\u00bb1_5,1_5,1_5,1_5,1_5&#8243; _builder_version=\u00bb4.20.4&#8243; _module_preset=\u00bbdefault\u00bb width=\u00bb100%\u00bb max_width=\u00bb1275px\u00bb custom_margin=\u00bb|auto|50px|auto||\u00bb custom_padding=\u00bb67px|||||\u00bb global_colors_info=\u00bb{}\u00bb][et_pb_column type=\u00bb1_5&#8243; _builder_version=\u00bb4.20.4&#8243; _module_preset=\u00bbdefault\u00bb global_colors_info=\u00bb{}\u00bb][et_pb_icon font_icon=\u00bb&#xf1ae;||fa||900&#8243; icon_color=\u00bb#7CDA24&#8243; icon_width=\u00bb81px\u00bb _builder_version=\u00bb4.20.4&#8243; _module_preset=\u00bbdefault\u00bb animation_style=\u00bbbounce\u00bb global_colors_info=\u00bb{}\u00bb][\/et_pb_icon][et_pb_text _builder_version=\u00bb4.20.4&#8243; _module_preset=\u00bbdefault\u00bb text_font=\u00bb|700|||||||\u00bb text_text_color=\u00bb#1c5e0f\u00bb custom_margin=\u00bb-22px||||false|false\u00bb global_colors_info=\u00bb{}\u00bb]<\/p>\n<p style=\"text-align: center;\">STAFF<\/p>\n<p>[\/et_pb_text][\/et_pb_column][et_pb_column type=\u00bb1_5&#8243; _builder_version=\u00bb4.20.4&#8243; _module_preset=\u00bbdefault\u00bb global_colors_info=\u00bb{}\u00bb][et_pb_icon font_icon=\u00bb&#xf207;||fa||900&#8243; icon_color=\u00bb#7CDA24&#8243; icon_width=\u00bb81px\u00bb _builder_version=\u00bb4.20.4&#8243; _module_preset=\u00bbdefault\u00bb animation_style=\u00bbbounce\u00bb locked=\u00bboff\u00bb global_colors_info=\u00bb{}\u00bb][\/et_pb_icon][et_pb_text _builder_version=\u00bb4.20.4&#8243; _module_preset=\u00bbdefault\u00bb text_font=\u00bb|700|||||||\u00bb text_text_color=\u00bb#1c5e0f\u00bb custom_margin=\u00bb-22px||||false|false\u00bb locked=\u00bboff\u00bb global_colors_info=\u00bb{}\u00bb]<\/p>\n<p style=\"text-align: center;\">\u00bfC\u00d3MO LLEGAR?<\/p>\n<p>[\/et_pb_text][\/et_pb_column][et_pb_column type=\u00bb1_5&#8243; _builder_version=\u00bb4.20.4&#8243; _module_preset=\u00bbdefault\u00bb global_colors_info=\u00bb{}\u00bb][et_pb_icon font_icon=\u00bb&#xf519;||fa||900&#8243; icon_color=\u00bb#7CDA24&#8243; icon_width=\u00bb81px\u00bb _builder_version=\u00bb4.20.4&#8243; _module_preset=\u00bbdefault\u00bb animation_style=\u00bbbounce\u00bb locked=\u00bboff\u00bb global_colors_info=\u00bb{}\u00bb][\/et_pb_icon][et_pb_text _builder_version=\u00bb4.20.4&#8243; _module_preset=\u00bbdefault\u00bb text_font=\u00bb|700|||||||\u00bb text_text_color=\u00bb#1c5e0f\u00bb custom_margin=\u00bb-22px||||false|false\u00bb locked=\u00bboff\u00bb global_colors_info=\u00bb{}\u00bb]<\/p>\n<p style=\"text-align: center;\">COMUNICACIONES<\/p>\n<p>[\/et_pb_text][\/et_pb_column][et_pb_column type=\u00bb1_5&#8243; _builder_version=\u00bb4.20.4&#8243; _module_preset=\u00bbdefault\u00bb global_colors_info=\u00bb{}\u00bb][et_pb_icon font_icon=\u00bb&#xf1eb;||fa||900&#8243; icon_color=\u00bb#7CDA24&#8243; icon_width=\u00bb81px\u00bb _builder_version=\u00bb4.20.4&#8243; _module_preset=\u00bbdefault\u00bb animation_style=\u00bbbounce\u00bb locked=\u00bboff\u00bb global_colors_info=\u00bb{}\u00bb][\/et_pb_icon][et_pb_text _builder_version=\u00bb4.20.4&#8243; _module_preset=\u00bbdefault\u00bb text_font=\u00bb|700|||||||\u00bb text_text_color=\u00bb#1c5e0f\u00bb custom_margin=\u00bb-22px||||false|false\u00bb locked=\u00bboff\u00bb global_colors_info=\u00bb{}\u00bb]<\/p>\n<p style=\"text-align: center;\">WIFI<\/p>\n<p>[\/et_pb_text][\/et_pb_column][et_pb_column type=\u00bb1_5&#8243; _builder_version=\u00bb4.20.4&#8243; _module_preset=\u00bbdefault\u00bb global_colors_info=\u00bb{}\u00bb][et_pb_icon font_icon=\u00bb&#xf54b;||fa||900&#8243; icon_color=\u00bb#7CDA24&#8243; icon_width=\u00bb81px\u00bb _builder_version=\u00bb4.20.4&#8243; _module_preset=\u00bbdefault\u00bb animation_style=\u00bbbounce\u00bb locked=\u00bboff\u00bb global_colors_info=\u00bb{}\u00bb][\/et_pb_icon][et_pb_text _builder_version=\u00bb4.20.4&#8243; _module_preset=\u00bbdefault\u00bb text_font=\u00bb|700|||||||\u00bb text_text_color=\u00bb#1c5e0f\u00bb custom_margin=\u00bb-22px||||false|false\u00bb locked=\u00bboff\u00bb global_colors_info=\u00bb{}\u00bb]<\/p>\n<p style=\"text-align: center;\">BOTAS Y PONCHOS DE AGUA<\/p>\n<p>[\/et_pb_text][\/et_pb_column][\/et_pb_row][\/et_pb_section][et_pb_section fb_built=\u00bb1&#8243; admin_label=\u00bbGallery Section\u00bb _builder_version=\u00bb4.16&#8243; custom_padding=\u00bb3px|0px|59px|0px||\u00bb global_colors_info=\u00bb{}\u00bb][et_pb_row column_structure=\u00bb1_3,1_3,1_3&#8243; _builder_version=\u00bb4.16&#8243; custom_padding=\u00bb16px|||||\u00bb global_colors_info=\u00bb{}\u00bb][et_pb_column type=\u00bb1_3&#8243; _builder_version=\u00bb4.16&#8243; custom_padding=\u00bb|||\u00bb global_colors_info=\u00bb{}\u00bb custom_padding__hover=\u00bb|||\u00bb][et_pb_gallery gallery_ids=\u00bb336,246,276,187&#8243; fullwidth=\u00bbon\u00bb _builder_version=\u00bb4.20.4&#8243; _module_preset=\u00bbdefault\u00bb height=\u00bb177px\u00bb auto=\u00bbon\u00bb auto_speed=\u00bb3000&#8243; hover_enabled=\u00bb0&#8243; box_shadow_style=\u00bbpreset1&#8243; locked=\u00bboff\u00bb global_colors_info=\u00bb{}\u00bb sticky_enabled=\u00bb0&#8243;][\/et_pb_gallery][et_pb_text _builder_version=\u00bb4.20.4&#8243; _module_preset=\u00bbdefault\u00bb text_text_color=\u00bb#1c5e0f\u00bb custom_margin=\u00bb-22px||||false|false\u00bb global_colors_info=\u00bb{}\u00bb]<\/p>\n<p><strong>PIHA LODGE <\/strong><span style=\"font-weight: 400;\">Ubicado a 70 km de la ciudad del Coca, Yasun\u00ed, Orellana, Ecuador.<\/span><\/p>\n<p>[\/et_pb_text][\/et_pb_column][et_pb_column type=\u00bb1_3&#8243; _builder_version=\u00bb4.16&#8243; custom_padding=\u00bb|||\u00bb global_colors_info=\u00bb{}\u00bb custom_padding__hover=\u00bb|||\u00bb][et_pb_gallery gallery_ids=\u00bb485,290&#8243; fullwidth=\u00bbon\u00bb _builder_version=\u00bb4.20.4&#8243; _module_preset=\u00bbdefault\u00bb height=\u00bb177px\u00bb auto=\u00bbon\u00bb auto_speed=\u00bb3000&#8243; box_shadow_style=\u00bbpreset1&#8243; locked=\u00bboff\u00bb global_colors_info=\u00bb{}\u00bb][\/et_pb_gallery][et_pb_text _builder_version=\u00bb4.20.4&#8243; _module_preset=\u00bbdefault\u00bb text_text_color=\u00bb#1c5e0f\u00bb custom_margin=\u00bb-22px||||false|false\u00bb global_colors_info=\u00bb{}\u00bb]<\/p>\n<p><strong>\u00c1REA DE DESCANSO <\/strong><span style=\"font-weight: 400;\">Disfruta de paisajes impresionantes mientras te relajas en una hamaca o tomas una bebida refrescante.<\/span><\/p>\n<p>[\/et_pb_text][\/et_pb_column][et_pb_column type=\u00bb1_3&#8243; _builder_version=\u00bb4.16&#8243; custom_padding=\u00bb|||\u00bb global_colors_info=\u00bb{}\u00bb custom_padding__hover=\u00bb|||\u00bb][et_pb_gallery gallery_ids=\u00bb475,476,477&#8243; fullwidth=\u00bbon\u00bb _builder_version=\u00bb4.20.4&#8243; _module_preset=\u00bbdefault\u00bb height=\u00bb177px\u00bb auto=\u00bbon\u00bb auto_speed=\u00bb3000&#8243; box_shadow_style=\u00bbpreset1&#8243; locked=\u00bboff\u00bb global_colors_info=\u00bb{}\u00bb][\/et_pb_gallery][et_pb_text _builder_version=\u00bb4.20.4&#8243; _module_preset=\u00bbdefault\u00bb text_text_color=\u00bb#1c5e0f\u00bb custom_margin=\u00bb-22px||||false|false\u00bb global_colors_info=\u00bb{}\u00bb]<\/p>\n<p><span style=\"font-weight: 400; font-size: small;\"><strong>\u00c1REA DE COCINA Y RESTAURANTE <\/strong><\/span><span style=\"font-weight: 400;\"><span style=\"font-size: small;\">Sum\u00e9rgete en los sabores de la regi\u00f3n mientras te rodeas de la belleza natural de Yasun\u00ed.<\/span> <\/span><\/p>\n<p>[\/et_pb_text][\/et_pb_column][\/et_pb_row][et_pb_row column_structure=\u00bb1_2,1_2&#8243; _builder_version=\u00bb4.16&#8243; global_colors_info=\u00bb{}\u00bb][et_pb_column type=\u00bb1_2&#8243; _builder_version=\u00bb4.16&#8243; custom_padding=\u00bb|||\u00bb global_colors_info=\u00bb{}\u00bb custom_padding__hover=\u00bb|||\u00bb][et_pb_gallery gallery_ids=\u00bb484,483,482,481,480,474,479,478,248&#8243; fullwidth=\u00bbon\u00bb _builder_version=\u00bb4.20.4&#8243; _module_preset=\u00bbdefault\u00bb height=\u00bb290px\u00bb auto=\u00bbon\u00bb auto_speed=\u00bb3000&#8243; box_shadow_style=\u00bbpreset1&#8243; locked=\u00bboff\u00bb global_colors_info=\u00bb{}\u00bb][\/et_pb_gallery][et_pb_text _builder_version=\u00bb4.20.4&#8243; _module_preset=\u00bbdefault\u00bb text_text_color=\u00bb#1c5e0f\u00bb custom_margin=\u00bb-22px||||false|false\u00bb global_colors_info=\u00bb{}\u00bb]<\/p>\n<p><strong>HABITACIONES: 20 CABA\u00d1AS <\/strong>Construido en medio de la selva tropical, lo que permite sonidos espectaculares de la selva.<\/p>\n<p>[\/et_pb_text][\/et_pb_column][et_pb_column type=\u00bb1_2&#8243; _builder_version=\u00bb4.16&#8243; custom_padding=\u00bb|||\u00bb global_colors_info=\u00bb{}\u00bb custom_padding__hover=\u00bb|||\u00bb][et_pb_accordion open_toggle_text_color=\u00bb#7CDA24&#8243; open_toggle_background_color=\u00bb#FFFFFF\u00bb closed_toggle_background_color=\u00bb#5fd624&#8243; icon_color=\u00bb#FFFFFF\u00bb _builder_version=\u00bb4.20.4&#8243; _module_preset=\u00bbdefault\u00bb toggle_text_color=\u00bb#FFFFFF\u00bb background_color=\u00bb#FFFFFF\u00bb global_colors_info=\u00bb{}\u00bb][et_pb_accordion_item title=\u00bbCaba\u00f1a #1: \u00bb open=\u00bbon\u00bb open_toggle_text_color=\u00bb#7CDA24&#8243; open_toggle_background_color=\u00bb#FFFFFF\u00bb closed_toggle_text_color=\u00bb#FFFFFF\u00bb closed_toggle_background_color=\u00bb#7CDA24&#8243; toggle_icon=\u00bb&#x3b;||divi||400&#8243; _builder_version=\u00bb4.20.4&#8243; _module_preset=\u00bbdefault\u00bb global_colors_info=\u00bb{}\u00bb]<\/p>\n<p>&#8211; Tipo standar con ba\u00f1o privado y agua caliente<br \/>&#8211; Distribuida en 2 habitaciones de hasta 10 personas<br \/>&#8211; En cada habitaciones pueden armarse hasta 5 camas individuales para compartir<br \/>&#8211; Ideal para familias grandes o grupos<br \/>&#8211; Medida de la caba\u00f1a: 10 mts. de largo x 12 mts. de ancho<br \/>&#8211; Medidas de las camas individuales (1plaza 1\/2): 1,05 mts. de ancho x 2,00 mts. de largo<\/p>\n<p>[\/et_pb_accordion_item][et_pb_accordion_item title=\u00bbCaba\u00f1a #2: \u00bb _builder_version=\u00bb4.20.4&#8243; _module_preset=\u00bbdefault\u00bb global_colors_info=\u00bb{}\u00bb open=\u00bboff\u00bb]<\/p>\n<p>&#8211; Tipo standar con ba\u00f1o privado y agua caliente<br \/>&#8211; Distribuida en 2 habitaciones de hasta 6 personas<br \/>&#8211; Cada habitacion se puede armar 3 camas, una cama matrimonial y una cama individual<br \/>&#8211; Ideal para parejas o familia de hasta un ni\u00f1o o grupos peque\u00f1os<br \/>&#8211; Medida de la caba\u00f1a: 8 mts de largo x 10 mts de ancho<br \/>&#8211; Medidas de las camas individuales (1plaza 1\/2): 1,05 mts. de ancho x 2,00 mts. de largo<br \/>&#8211; Medidas de las camas matrimoniales (2plaza): 1,40 mts. de ancho x 2,00 mts. de largo<\/p>\n<p>[\/et_pb_accordion_item][et_pb_accordion_item title=\u00bbCaba\u00f1a #3: \u00bb _builder_version=\u00bb4.20.4&#8243; _module_preset=\u00bbdefault\u00bb global_colors_info=\u00bb{}\u00bb open=\u00bboff\u00bb]<\/p>\n<p>-Tipo standar con ba\u00f1o privado y agua caliente y terminado en vidrio con balcon propio<br \/>&#8211; Sus ba\u00f1os son amplios en terminados de vidrio de una dimensi\u00f3n de 2 mts de largo x 5 metros de ancho<br \/>&#8211; Distribuida en 2 habitaciones de hasta 8 personas<br \/>&#8211; Cada habitacion se puede armar 4 camas, todas individuales o se pueder amar una cama matrimonial y una cama individual<br \/>&#8211; Ideal para familias o grupos grandes<br \/>&#8211; Tiene su propio balcon para descansar<br \/>&#8211; Medida de la caba\u00f1a: 12 mts. de largo x 10 mts. de ancho<br \/>&#8211; Medidas de las camas individuales (1plaza 1\/2): 1,05 mts. de ancho x 2,00 mts. de largo<br \/>&#8211; Medidas de las camas matrimoniales (2plaza): 1,40 mts. de ancho x 2,00 mts. de largo<\/p>\n<p>[\/et_pb_accordion_item][\/et_pb_accordion][\/et_pb_column][\/et_pb_row][\/et_pb_section][et_pb_section fb_built=\u00bb1&#8243; specialty=\u00bbon\u00bb _builder_version=\u00bb4.20.4&#8243; _module_preset=\u00bbdefault\u00bb custom_padding=\u00bb0px|||||\u00bb global_colors_info=\u00bb{}\u00bb][et_pb_column type=\u00bb1_2&#8243; specialty_columns=\u00bb2&#8243; _builder_version=\u00bb4.16&#8243; custom_padding=\u00bb|||\u00bb global_colors_info=\u00bb{}\u00bb custom_padding__hover=\u00bb|||\u00bb][et_pb_row_inner _builder_version=\u00bb4.20.4&#8243; _module_preset=\u00bbdefault\u00bb hover_enabled=\u00bb0&#8243; global_colors_info=\u00bb{}\u00bb sticky_enabled=\u00bb0&#8243;][et_pb_column_inner saved_specialty_column_type=\u00bb1_2&#8243; _builder_version=\u00bb4.20.4&#8243; _module_preset=\u00bbdefault\u00bb background_color=\u00bb#44580E\u00bb custom_padding=\u00bb39px|26px|39px|26px|true|true\u00bb global_colors_info=\u00bb{}\u00bb][et_pb_text _builder_version=\u00bb4.20.4&#8243; _module_preset=\u00bbdefault\u00bb text_text_color=\u00bb#FFFFFF\u00bb custom_margin=\u00bb-22px||||false|false\u00bb custom_padding=\u00bb||0px|||\u00bb global_colors_info=\u00bb{}\u00bb]<\/p>\n<p><strong>PIHA LODGE <\/strong><span style=\"font-weight: 400;\">Ubicado a 70 km de la ciudad del Coca, Yasun\u00ed, Orellana, Ecuador.<\/span><\/p>\n<p>[\/et_pb_text][et_pb_text _builder_version=\u00bb4.20.4&#8243; text_font=\u00bb||||||||\u00bb header_font=\u00bb||||||||\u00bb header_2_font=\u00bbPlayfair Display|700|||||||\u00bb header_2_font_size=\u00bb38px\u00bb header_2_letter_spacing=\u00bb1px\u00bb header_2_line_height=\u00bb1.4em\u00bb header_3_font=\u00bbPoppins|700||on|||||\u00bb header_3_text_color=\u00bb#edbb5f\u00bb header_3_font_size=\u00bb14px\u00bb header_3_letter_spacing=\u00bb1px\u00bb header_3_line_height=\u00bb2em\u00bb background_layout=\u00bbdark\u00bb max_width=\u00bb550px\u00bb locked=\u00bboff\u00bb global_colors_info=\u00bb{}\u00bb]<\/p>\n<h3>ubicaci\u00f3n<\/h3>\n<h2>\u00bfC\u00f3mo llegar?<\/h2>\n<p>[\/et_pb_text][et_pb_text _builder_version=\u00bb4.20.4&#8243; _module_preset=\u00bbdefault\u00bb text_font=\u00bbPoppins||||||||\u00bb text_letter_spacing=\u00bb1px\u00bb text_line_height=\u00bb2em\u00bb background_layout=\u00bbdark\u00bb max_width=\u00bb550px\u00bb global_colors_info=\u00bb{}\u00bb]<\/p>\n<p><span style=\"font-weight: 400;\">Viaje en autob\u00fas privado o p\u00fablico desde la ciudad de Quito, tomar\u00e1 5 horas y media hasta la ciudad del Coca\u00a0<\/span><\/p>\n<p><span style=\"font-weight: 400;\">Viaje en avi\u00f3n tomar\u00e1 45 minutos durante los cuales sobrevolar\u00e1 Los Andes y llegar\u00e1 a la ciudad del Coca.<\/span><\/p>\n<p><span style=\"font-weight: 400;\">Una vez en el Coca, nos embarcaremos en canoa a motor por aproximadamente 2 horas r\u00edo abajo hasta llegar a Piha Lodge.<\/span><\/p>\n<p>[\/et_pb_text][\/et_pb_column_inner][\/et_pb_row_inner][\/et_pb_column][et_pb_column type=\u00bb1_2&#8243; _builder_version=\u00bb4.16&#8243; custom_padding=\u00bb|||\u00bb global_colors_info=\u00bb{}\u00bb custom_padding__hover=\u00bb|||\u00bb][et_pb_code _builder_version=\u00bb4.20.4&#8243; _module_preset=\u00bbdefault\u00bb width=\u00bb115.6%\u00bb custom_margin=\u00bb|-66px||||\u00bb global_colors_info=\u00bb{}\u00bb]<iframe src=\"https:\/\/www.google.com\/maps\/embed?pb=!1m18!1m12!1m3!1d3989.7072530784494!2d-76.58157349999999!3d-0.4275187!2m3!1f0!2f0!3f0!3m2!1i1024!2i768!4f13.1!3m3!1m2!1s0x91d78ffa7f2ee0b9%3A0xc74346f43d528dbf!2sPashpanchu%20Lodge!5e0!3m2!1ses-419!2sec!4v1686721632712!5m2!1ses-419!2sec\" width=\"1920\" height=\"450\" style=\"border:0;\" allowfullscreen=\"\" loading=\"lazy\" referrerpolicy=\"no-referrer-when-downgrade\"><\/iframe>[\/et_pb_code][\/et_pb_column][\/et_pb_section]<\/p>\n","protected":false},"excerpt":{"rendered":"<p>Comunidades KichwasVisitar las diferentes comunidades Kichwas, de la selva tropical en el Parque Nacional Yasun\u00ed, es una experiencia incre\u00edblemente enriquecedora para aquellos que desean sumergirse en la cultura ind\u00edgena ecuatoriana. Los miembros de las comunidades son muy acogedores y amables y est\u00e1n felices de compartir sus conocimientos y tradiciones con los visitantes. En las diferentes [&hellip;]<\/p>\n","protected":false},"author":1,"featured_media":0,"parent":0,"menu_order":0,"comment_status":"closed","ping_status":"closed","template":"","meta":{"_et_pb_use_builder":"on","_et_pb_old_content":"<!-- wp:divi\/placeholder \/-->","_et_gb_content_width":"","footnotes":""},"class_list":["post-169","page","type-page","status-publish","hentry"],"_links":{"self":[{"href":"https:\/\/yasuniamazonlodge.com\/en_us\/wp-json\/wp\/v2\/pages\/169","targetHints":{"allow":["GET"]}}],"collection":[{"href":"https:\/\/yasuniamazonlodge.com\/en_us\/wp-json\/wp\/v2\/pages"}],"about":[{"href":"https:\/\/yasuniamazonlodge.com\/en_us\/wp-json\/wp\/v2\/types\/page"}],"author":[{"embeddable":true,"href":"https:\/\/yasuniamazonlodge.com\/en_us\/wp-json\/wp\/v2\/users\/1"}],"replies":[{"embeddable":true,"href":"https:\/\/yasuniamazonlodge.com\/en_us\/wp-json\/wp\/v2\/comments?post=169"}],"version-history":[{"count":30,"href":"https:\/\/yasuniamazonlodge.com\/en_us\/wp-json\/wp\/v2\/pages\/169\/revisions"}],"predecessor-version":[{"id":488,"href":"https:\/\/yasuniamazonlodge.com\/en_us\/wp-json\/wp\/v2\/pages\/169\/revisions\/488"}],"wp:attachment":[{"href":"https:\/\/yasuniamazonlodge.com\/en_us\/wp-json\/wp\/v2\/media?parent=169"}],"curies":[{"name":"wp","href":"https:\/\/api.w.org\/{rel}","templated":true}]}}