{"id":173,"date":"2023-04-28T16:19:24","date_gmt":"2023-04-28T16:19:24","guid":{"rendered":"https:\/\/yasuniamazonlodge.com\/?page_id=173"},"modified":"2023-07-12T03:36:25","modified_gmt":"2023-07-12T03:36:25","slug":"faq-recomendaciones","status":"publish","type":"page","link":"https:\/\/yasuniamazonlodge.com\/en_us\/faq-recomendaciones\/","title":{"rendered":"FAQ \/ Suggestions"},"content":{"rendered":"<p>[et_pb_section fb_built=\u00bb1&#8243; fullwidth=\u00bbon\u00bb _builder_version=\u00bb4.20.4&#8243; _module_preset=\u00bbdefault\u00bb global_colors_info=\u00bb{}\u00bb][et_pb_fullwidth_image src=\u00bbhttps:\/\/yasuniamazonlodge.com\/wp-content\/uploads\/2023\/06\/foto-recomendaciones-001.jpeg\u00bb title_text=\u00bbfoto recomendaciones 001&#8243; _builder_version=\u00bb4.20.4&#8243; _module_preset=\u00bbdefault\u00bb global_colors_info=\u00bb{}\u00bb][\/et_pb_fullwidth_image][\/et_pb_section][et_pb_section fb_built=\u00bb1&#8243; _builder_version=\u00bb4.20.4&#8243; _module_preset=\u00bbdefault\u00bb global_colors_info=\u00bb{}\u00bb][et_pb_row _builder_version=\u00bb4.20.4&#8243; _module_preset=\u00bbdefault\u00bb global_colors_info=\u00bb{}\u00bb][et_pb_column type=\u00bb4_4&#8243; _builder_version=\u00bb4.20.4&#8243; _module_preset=\u00bbdefault\u00bb global_colors_info=\u00bb{}\u00bb][et_pb_text _builder_version=\u00bb4.20.4&#8243; _module_preset=\u00bbdefault\u00bb global_colors_info=\u00bb{}\u00bb]<\/p>\n<h3><strong>FAQ<\/strong><\/h3>\n<p>[\/et_pb_text][et_pb_text _builder_version=\u00bb4.20.4&#8243; _module_preset=\u00bbdefault\u00bb global_colors_info=\u00bb{}\u00bb]<\/p>\n<p><strong>\u00a01. \u00bfCu\u00e1l es el l\u00edmite de peso del equipaje?<\/strong><\/p>\n<p>Los pasajeros de los vuelos Quito \u2013 Coca pueden facturar un m\u00e1ximo de 23 kg por persona m\u00e1s una pieza de equipaje de mano de 10 kg con material de lectura, c\u00e1mara, binoculares y documentos personales. El exceso de equipaje o adicional se cobra por libra directamente por la aerol\u00ednea.<\/p>\n<ol start=\"2\">\n<li><strong>\u00bfSe permiten ni\u00f1os en el lodge?<\/strong><\/li>\n<\/ol>\n<p>Recomendamos que los ni\u00f1os tengan al menos 6 a\u00f1os y sugerimos contratar un gu\u00eda privado para las excursiones.<\/p>\n<ol start=\"3\">\n<li><strong>\u00bfPuedo ir si estoy condicionado f\u00edsicamente?<\/strong><\/li>\n<\/ol>\n<p>Cualquiera puede disfrutar de Piha Lodge, independientemente de su habilidad f\u00edsica o condici\u00f3n. El Lodge es accesible para sillas de ruedas, mientras que hay una serie de actividades como explorar los r\u00edos o lagunas a trav\u00e9s de canoas que se pueden realizar sin necesidad de pararse o caminar.<\/p>\n<ol start=\"4\">\n<li><strong>\u00bfHay instalaciones privadas?<\/strong><\/li>\n<\/ol>\n<p>S\u00ed, todas las caba\u00f1as cuentan con ba\u00f1o privado y ducha con agua caliente.<\/p>\n<ol start=\"5\">\n<li><strong>\u00bfPuedo ir en grupo?<\/strong><\/li>\n<\/ol>\n<p>Piha Lodge es ideal para grupos que deseen explorar la Amazon\u00eda Ecuatoriana. Cont\u00e1ctenos para m\u00e1s detalles.<\/p>\n<ol start=\"6\">\n<li><strong>\u00bfCon cu\u00e1ntos meses de antelaci\u00f3n tengo que hacer una reserva?<\/strong><\/li>\n<\/ol>\n<p>Esto es relativo, pero recomendamos al menos 3 meses de anticipaci\u00f3n o tan pronto como haga sus planes, comience a buscar disponibilidad.<\/p>\n<ol start=\"7\">\n<li><strong>\u00bfHay un m\u00e9dico en el albergue?<\/strong><\/li>\n<\/ol>\n<p>Tenemos m\u00e9dico y centro m\u00e9dico en la Comunidad de Pompeya. En caso de emergencia, el m\u00e9dico se trasladar\u00e1 al albergue o el pasajero ser\u00e1 trasladado a la Comunidad. Para otras situaciones raras, llevamos al pasajero a Coca o Quito.<\/p>\n<ol start=\"8\">\n<li><strong>\u00bfEs seguro?<\/strong><\/li>\n<\/ol>\n<p>Nuestro lodge cuenta con personal permanente las 24 horas, los mismos que patrullan todo el lugar a toda hora. Lo m\u00e1s importante para nosotros es su seguridad y servicio.<\/p>\n<ol start=\"9\">\n<li><strong>\u00bfCu\u00e1l es el clima?<\/strong><\/li>\n<\/ol>\n<p>En el bosque lluvioso tropical es mejor estar preparado para todo tipo de clima. A veces puede ser caliente y soleado, pero una lluvia fresca puede aparecer en cualquier momento del a\u00f1o. Nuestras caba\u00f1as est\u00e1n dise\u00f1adas para repeler el calor, y contamos con ventiladores para el d\u00eda, por el contrario, por la noche (especialmente despu\u00e9s de la lluvia) puede hacer un poco de fr\u00edo.<\/p>\n<ol start=\"10\">\n<li><strong>\u00bfHay servicio de lavander\u00eda?<\/strong><\/li>\n<\/ol>\n<p>Piha Lodge ofrece servicio de lavander\u00eda (lavado) para nuestros hu\u00e9spedes. Consulte los costos con nuestro administrador en el Lodge.<\/p>\n<ol start=\"11\">\n<li><strong>\u00bfQu\u00e9 no est\u00e1 incluido en el precio?<\/strong><\/li>\n<\/ol>\n<p>Tarifas a\u00e9reas internacionales y nacionales, impuestos de salida del aeropuerto o tarifas de visa, cargos por exceso de equipaje, noches adicionales durante el viaje debido a cancelaciones de vuelos, bebidas alcoh\u00f3licas o agua embotellada, lavander\u00eda, wifi, propinas.<\/p>\n<ol start=\"12\">\n<li><strong>\u00bfHay alg\u00fan requisito de vacunaci\u00f3n?<\/strong><\/li>\n<\/ol>\n<p>No hay ning\u00fan requisito legal para la entrada a Ecuador. Sin embargo, le recomendamos que consulte a su m\u00e9dico.<\/p>\n<ol start=\"13\">\n<li><strong>\u00bfPuedo beber el agua de Piha lodge?<\/strong><\/li>\n<\/ol>\n<p>Todo el agua potable proporcionada en Piha proviene de un pozo local, el miso que se clorifica para el uso del lodge. Recomendamos no beberla, para ello tenemos agua embotellada en el servicio de cafeter\u00eda.<\/p>\n<ol start=\"14\">\n<li><strong>\u00bfHay electricidad en el lodge?<\/strong><\/li>\n<\/ol>\n<p>Si, disponemos las 24\/7 de electricidad en el lodge.<\/p>\n<ol start=\"15\">\n<li><strong>\u00bfCu\u00e1les son las formas de pago?<\/strong><\/li>\n<\/ol>\n<p>Se puede pagar en efectivo (d\u00f3lares estadounidenses) o todas las tarjetas de cr\u00e9dito si el pago se realiza mediante PAYPAL (m\u00e1s el 6%). Para pagos en el lodge solo aceptamos efectivo.<\/p>\n<ol start=\"16\">\n<li><strong>\u00bfQu\u00e9 tipo de alimentaci\u00f3n ofrece el lodge?<\/strong><\/li>\n<\/ol>\n<p>Todas las comidas est\u00e1n incluidas durante su estad\u00eda en Piha lodge con un refresco o agua. Las bebidas alcoh\u00f3licas y adicionales son extra. Nuestros chefs ofrecen una variedad de excelentes platos locales, nacionales e internacionales de acuerdo a su dieta alimenticia. Para la preparaci\u00f3n de todos los alimentos, incluidas ensaladas, jugos y hielo, utilizamos agua embotellada purificada.<\/p>\n<ol start=\"17\">\n<li><strong>No fume en el bosque o cerca de la vida silvestre.<\/strong><\/li>\n<\/ol>\n<p>No use perfume o aerosoles perfumados ya que el dulce aroma puede atraer insectos. No tire ni deje caer nada en los senderos, ni siquiera alimentos biodegradables. Evite las camisas de colores brillantes mientras est\u00e9 en el bosque, ya que pueden asustar a los animales.<\/p>\n<ol start=\"18\">\n<li><strong>\u00bfPuedo filmar con Drones?<\/strong><\/li>\n<\/ol>\n<p>El uso de drones est\u00e1 prohibido por las normas de cuidado de la amazonia para la protecci\u00f3n y seguridad de su vida silvestre. Sin embargo, podemos realizar algunas tomas en ciertos lugares permitidos.<\/p>\n<p>&nbsp;<\/p>\n<p>&nbsp;<\/p>\n<p>[\/et_pb_text][\/et_pb_column][\/et_pb_row][et_pb_row _builder_version=\u00bb4.20.4&#8243; _module_preset=\u00bbdefault\u00bb global_colors_info=\u00bb{}\u00bb][et_pb_column type=\u00bb4_4&#8243; _builder_version=\u00bb4.20.4&#8243; _module_preset=\u00bbdefault\u00bb global_colors_info=\u00bb{}\u00bb][et_pb_text _builder_version=\u00bb4.20.4&#8243; _module_preset=\u00bbdefault\u00bb global_colors_info=\u00bb{}\u00bb]<\/p>\n<h3><b>RECOMENDACIONES<\/b><\/h3>\n<p>[\/et_pb_text][et_pb_text _builder_version=\u00bb4.20.4&#8243; _module_preset=\u00bbdefault\u00bb global_colors_info=\u00bb{}\u00bb]<\/p>\n<ol>\n<li style=\"font-weight: 400;\" aria-level=\"1\"><span style=\"font-weight: 400;\">Vacuna <\/span><span style=\"font-weight: 400;\">de la fiebre amarilla, COVID-19<\/span><span style=\"font-weight: 400;\"> <br \/><\/span><\/li>\n<li style=\"font-weight: 400;\" aria-level=\"1\"><span style=\"font-weight: 400;\">Traiga ropa c\u00f3moda, ligera y resistente, preferiblemente de colores neutros. La selva es muy h\u00fameda y calurosa, por lo que es importante llevar ropa que se seque r\u00e1pidamente y evite el sudor excesivo.<\/span><\/li>\n<li style=\"font-weight: 400;\" aria-level=\"1\"><span style=\"font-weight: 400;\">Use repelente de insectos y protector solar en todo momento, ya que hay una gran cantidad de insectos y el sol puede ser muy fuerte en la selva.<\/span><\/li>\n<li style=\"font-weight: 400;\" aria-level=\"1\"><span style=\"font-weight: 400;\">Lleve calzado adecuado, como botas o zapatos de trekking, para caminar por la selva. Tambi\u00e9n es recomendable llevar un par de sandalias o chanclas para el uso diario.<\/span><\/li>\n<li style=\"font-weight: 400;\" aria-level=\"1\"><span style=\"font-weight: 400;\">Mant\u00e9ngase hidratado bebiendo mucha agua y evite beber agua del r\u00edo sin tratar, ya que puede contener bacterias y par\u00e1sitos.<\/span><\/li>\n<li style=\"font-weight: 400;\" aria-level=\"1\"><span style=\"font-weight: 400;\">No se olvide de llevar binoculares y una c\u00e1mara para disfrutar al m\u00e1ximo de la fauna y flora de la selva. Tambi\u00e9n es recomendable llevar una linterna o un frontal para caminar de noche.<\/span><\/li>\n<li style=\"font-weight: 400;\" aria-level=\"1\"><span style=\"font-weight: 400;\">Respete las normas y regulaciones del Lodge y del parque nacional Yasun\u00ed. No deje basura en la selva y no toque ni perturbe la vida silvestre.<\/span><\/li>\n<li style=\"font-weight: 400;\" aria-level=\"1\"><span style=\"font-weight: 400;\">Escuche y siga las instrucciones de los gu\u00edas tur\u00edsticos y los l\u00edderes ind\u00edgenas locales para garantizar su seguridad y evitar accidentes.<\/span><\/li>\n<li style=\"font-weight: 400;\" aria-level=\"1\"><span style=\"font-weight: 400;\">Si es posible, trate de aprender algunas palabras y frases en espa\u00f1ol y en la lengua ind\u00edgena local para comunicarse con los habitantes locales y comprender mejor su cultura y tradiciones.<\/span><\/li>\n<\/ol>\n<p>[\/et_pb_text][\/et_pb_column][\/et_pb_row][\/et_pb_section]<\/p>\n","protected":false},"excerpt":{"rendered":"<p>FAQ\u00a01. \u00bfCu\u00e1l es el l\u00edmite de peso del equipaje? Los pasajeros de los vuelos Quito \u2013 Coca pueden facturar un m\u00e1ximo de 23 kg por persona m\u00e1s una pieza de equipaje de mano de 10 kg con material de lectura, c\u00e1mara, binoculares y documentos personales. El exceso de equipaje o adicional se cobra por libra [&hellip;]<\/p>\n","protected":false},"author":1,"featured_media":0,"parent":0,"menu_order":0,"comment_status":"closed","ping_status":"closed","template":"","meta":{"_et_pb_use_builder":"on","_et_pb_old_content":"<!-- wp:divi\/placeholder \/-->","_et_gb_content_width":"","footnotes":""},"class_list":["post-173","page","type-page","status-publish","hentry"],"_links":{"self":[{"href":"https:\/\/yasuniamazonlodge.com\/en_us\/wp-json\/wp\/v2\/pages\/173","targetHints":{"allow":["GET"]}}],"collection":[{"href":"https:\/\/yasuniamazonlodge.com\/en_us\/wp-json\/wp\/v2\/pages"}],"about":[{"href":"https:\/\/yasuniamazonlodge.com\/en_us\/wp-json\/wp\/v2\/types\/page"}],"author":[{"embeddable":true,"href":"https:\/\/yasuniamazonlodge.com\/en_us\/wp-json\/wp\/v2\/users\/1"}],"replies":[{"embeddable":true,"href":"https:\/\/yasuniamazonlodge.com\/en_us\/wp-json\/wp\/v2\/comments?post=173"}],"version-history":[{"count":7,"href":"https:\/\/yasuniamazonlodge.com\/en_us\/wp-json\/wp\/v2\/pages\/173\/revisions"}],"predecessor-version":[{"id":406,"href":"https:\/\/yasuniamazonlodge.com\/en_us\/wp-json\/wp\/v2\/pages\/173\/revisions\/406"}],"wp:attachment":[{"href":"https:\/\/yasuniamazonlodge.com\/en_us\/wp-json\/wp\/v2\/media?parent=173"}],"curies":[{"name":"wp","href":"https:\/\/api.w.org\/{rel}","templated":true}]}}